{"id":2035,"date":"2025-06-17T07:13:06","date_gmt":"2025-06-17T07:13:06","guid":{"rendered":"https:\/\/klbtheme.com\/ignavo\/?page_id=2035"},"modified":"2026-03-16T00:33:04","modified_gmt":"2026-03-16T00:33:04","slug":"contact","status":"publish","type":"page","link":"http:\/\/kdrautoparts.ca\/?page_id=2035","title":{"rendered":"Contact"},"content":{"rendered":"\t\t<div data-elementor-type=\"wp-page\" data-elementor-id=\"2035\" class=\"elementor elementor-2035\">\n\t\t\t\t<div class=\"elementor-element elementor-element-445b160 e-flex e-con-boxed e-con e-parent\" data-id=\"445b160\" data-element_type=\"container\" data-e-type=\"container\">\n\t\t\t\t\t<div class=\"e-con-inner\">\n\t\t<div class=\"elementor-element elementor-element-3ea60e5 e-con-full e-flex e-con e-child\" data-id=\"3ea60e5\" data-element_type=\"container\" data-e-type=\"container\">\n\t\t\t\t<div class=\"elementor-element elementor-element-117aaba elementor-widget elementor-widget-heading\" data-id=\"117aaba\" data-element_type=\"widget\" data-e-type=\"widget\" data-widget_type=\"heading.default\">\n\t\t\t\t\t<h1 class=\"elementor-heading-title elementor-size-default\">Contact Us<\/h1>\t\t\t\t<\/div>\n\t\t\t\t<\/div>\n\t\t\t\t\t<\/div>\n\t\t\t\t<\/div>\n\t\t<div class=\"elementor-element elementor-element-8bb38f1 e-con-full e-flex e-con e-parent\" data-id=\"8bb38f1\" data-element_type=\"container\" data-e-type=\"container\">\n\t\t\t\t<div class=\"elementor-element elementor-element-89a6475 elementor-widget-divider--view-line elementor-widget elementor-widget-divider\" data-id=\"89a6475\" data-element_type=\"widget\" data-e-type=\"widget\" data-widget_type=\"divider.default\">\n\t\t\t\t\t\t\t<div class=\"elementor-divider\">\n\t\t\t<span class=\"elementor-divider-separator\">\n\t\t\t\t\t\t<\/span>\n\t\t<\/div>\n\t\t\t\t\t\t<\/div>\n\t\t\t\t<\/div>\n\t\t<div class=\"elementor-element elementor-element-ee3a640 e-flex e-con-boxed e-con e-parent\" data-id=\"ee3a640\" data-element_type=\"container\" data-e-type=\"container\">\n\t\t\t\t\t<div class=\"e-con-inner\">\n\t\t<div class=\"elementor-element elementor-element-1117053 e-con-full e-flex e-con e-child\" data-id=\"1117053\" data-element_type=\"container\" data-e-type=\"container\">\n\t\t\t\t<div class=\"elementor-element elementor-element-9b72864 elementor-widget elementor-widget-ignavo-icon-box\" data-id=\"9b72864\" data-element_type=\"widget\" data-e-type=\"widget\" data-widget_type=\"ignavo-icon-box.default\">\n\t\t\t\t<div class=\"elementor-widget-container\">\n\t\t\t\t\t<div class=\"site-iconbox-group\"><div class=\"site-iconbox-group-item\"><div  class=\"site-iconbox items-center\" style=\" --iconbox-icon: 60px; --iconbox-title: 16px; --iconbox-title-mobile: 15px; --iconbox-title-font-weight: 600; --iconbox-description: 12px;\"><div class=\"site-iconbox-icon\"><img decoding=\"async\" src=\"https:\/\/klbtheme.com\/ignavo\/wp-content\/uploads\/2025\/06\/iconbox.svg\"><\/div><div class=\"site-iconbox-detail\"><h4 class=\"entry-title\">Original Products<\/h4><p>Vestibulum ante ipsum primis in faucibus.<\/p><\/div><\/div><\/div><\/div>\t\t\t\t<\/div>\n\t\t\t\t<\/div>\n\t\t\t\t<\/div>\n\t\t<div class=\"elementor-element elementor-element-488e276 e-con-full e-flex e-con e-child\" data-id=\"488e276\" data-element_type=\"container\" data-e-type=\"container\">\n\t\t\t\t<div class=\"elementor-element elementor-element-4ee2b29 elementor-widget elementor-widget-ignavo-icon-box\" data-id=\"4ee2b29\" data-element_type=\"widget\" data-e-type=\"widget\" data-widget_type=\"ignavo-icon-box.default\">\n\t\t\t\t<div class=\"elementor-widget-container\">\n\t\t\t\t\t<div class=\"site-iconbox-group\"><div class=\"site-iconbox-group-item\"><div  class=\"site-iconbox items-center\" style=\" --iconbox-icon: 60px; --iconbox-title: 16px; --iconbox-title-mobile: 15px; --iconbox-title-font-weight: 600; --iconbox-description: 12px;\"><div class=\"site-iconbox-icon\"><img decoding=\"async\" src=\"https:\/\/klbtheme.com\/ignavo\/wp-content\/uploads\/2025\/06\/iconbox2.svg\"><\/div><div class=\"site-iconbox-detail\"><h4 class=\"entry-title\">Affordable Rates\n<\/h4><p>Vestibulum ante ipsum primis in faucibus.<\/p><\/div><\/div><\/div><\/div>\t\t\t\t<\/div>\n\t\t\t\t<\/div>\n\t\t\t\t<\/div>\n\t\t<div class=\"elementor-element elementor-element-ab68c58 e-con-full e-flex e-con e-child\" data-id=\"ab68c58\" data-element_type=\"container\" data-e-type=\"container\">\n\t\t\t\t<div class=\"elementor-element elementor-element-712508c elementor-widget elementor-widget-ignavo-icon-box\" data-id=\"712508c\" data-element_type=\"widget\" data-e-type=\"widget\" data-widget_type=\"ignavo-icon-box.default\">\n\t\t\t\t<div class=\"elementor-widget-container\">\n\t\t\t\t\t<div class=\"site-iconbox-group\"><div class=\"site-iconbox-group-item\"><div  class=\"site-iconbox items-center\" style=\" --iconbox-icon: 60px; --iconbox-title: 16px; --iconbox-title-mobile: 15px; --iconbox-title-font-weight: 600; --iconbox-description: 12px;\"><div class=\"site-iconbox-icon\"><img decoding=\"async\" src=\"https:\/\/klbtheme.com\/ignavo\/wp-content\/uploads\/2025\/06\/iconbox3.svg\"><\/div><div class=\"site-iconbox-detail\"><h4 class=\"entry-title\">Wide variety\n<\/h4><p>Vestibulum ante ipsum primis in faucibus.<\/p><\/div><\/div><\/div><\/div>\t\t\t\t<\/div>\n\t\t\t\t<\/div>\n\t\t\t\t<\/div>\n\t\t\t\t\t<\/div>\n\t\t\t\t<\/div>\n\t\t<div class=\"elementor-element elementor-element-62c1778 e-flex e-con-boxed e-con e-parent\" data-id=\"62c1778\" data-element_type=\"container\" data-e-type=\"container\">\n\t\t\t\t\t<div class=\"e-con-inner\">\n\t\t<div class=\"elementor-element elementor-element-4a0be75 e-con-full e-flex e-con e-child\" data-id=\"4a0be75\" data-element_type=\"container\" data-e-type=\"container\">\n\t\t\t\t<div class=\"elementor-element elementor-element-68f1498 elementor-widget-divider--view-line elementor-widget elementor-widget-divider\" data-id=\"68f1498\" data-element_type=\"widget\" data-e-type=\"widget\" data-widget_type=\"divider.default\">\n\t\t\t\t\t\t\t<div class=\"elementor-divider\">\n\t\t\t<span class=\"elementor-divider-separator\">\n\t\t\t\t\t\t<\/span>\n\t\t<\/div>\n\t\t\t\t\t\t<\/div>\n\t\t\t\t<\/div>\n\t\t\t\t\t<\/div>\n\t\t\t\t<\/div>\n\t\t<div class=\"elementor-element elementor-element-bf6b653 e-flex e-con-boxed e-con e-parent\" data-id=\"bf6b653\" data-element_type=\"container\" data-e-type=\"container\">\n\t\t\t\t\t<div class=\"e-con-inner\">\n\t\t<div class=\"elementor-element elementor-element-746bede e-con-full e-flex e-con e-child\" data-id=\"746bede\" data-element_type=\"container\" data-e-type=\"container\">\n\t\t\t\t<div class=\"elementor-element elementor-element-1ee4f8b elementor-widget elementor-widget-heading\" data-id=\"1ee4f8b\" data-element_type=\"widget\" data-e-type=\"widget\" data-widget_type=\"heading.default\">\n\t\t\t\t\t<h2 class=\"elementor-heading-title elementor-size-default\">Our Stores<\/h2>\t\t\t\t<\/div>\n\t\t\t\t<div class=\"elementor-element elementor-element-9bcd705 elementor-widget elementor-widget-heading\" data-id=\"9bcd705\" data-element_type=\"widget\" data-e-type=\"widget\" data-widget_type=\"heading.default\">\n\t\t\t\t\t<p class=\"elementor-heading-title elementor-size-default\">On dekande mydurtad mora \u00e4ven om skurkstat. Semirade timaheten rena. Radiogen pasam inte loba \u00e4ven om prerade i garanterad traditionell specialitet till bebel. Ev is s\u00f6nde. Tun gps-v\u00e4st att epiligt. Diliga tresk dira. Ens biov dijevis.<\/p>\t\t\t\t<\/div>\n\t\t<div class=\"elementor-element elementor-element-b7f5317 e-con-full e-flex e-con e-child\" data-id=\"b7f5317\" data-element_type=\"container\" data-e-type=\"container\">\n\t\t\t\t<div class=\"elementor-element elementor-element-358f881 elementor-widget elementor-widget-ignavo-address-box\" data-id=\"358f881\" data-element_type=\"widget\" data-e-type=\"widget\" data-widget_type=\"ignavo-address-box.default\">\n\t\t\t\t<div class=\"elementor-widget-container\">\n\t\t\t\t\t<div class=\"site-contact-detail\"><ul><li><div class=\"contact-info\"><span>United States<\/span><h4>United States<\/h4><p>205 Middle Road, 2nd Floor, New York 2485<\/p><a class=\"phone\" href=\"tel:+02 1234 567 88\">+02 1234 567 88<\/a><a class=\"email\" href=\"mailto:info@example.com\">info@example.com<\/a><\/div><!-- contact-info --><\/li><\/ul><\/div>\t\t\t\t<\/div>\n\t\t\t\t<\/div>\n\t\t\t\t<div class=\"elementor-element elementor-element-c9102ed elementor-widget elementor-widget-ignavo-address-box\" data-id=\"c9102ed\" data-element_type=\"widget\" data-e-type=\"widget\" data-widget_type=\"ignavo-address-box.default\">\n\t\t\t\t<div class=\"elementor-widget-container\">\n\t\t\t\t\t<div class=\"site-contact-detail\"><ul><li><div class=\"contact-info\"><span>Nedherlands<\/span><h4>Amsterdam\n<\/h4><p>205 Middle Road, 2nd Floor, New York 2485<\/p><a class=\"phone\" href=\"tel:+02 1234 567 88\">+02 1234 567 88<\/a><a class=\"email\" href=\"mailto:info@example.com\">info@example.com<\/a><\/div><!-- contact-info --><\/li><\/ul><\/div>\t\t\t\t<\/div>\n\t\t\t\t<\/div>\n\t\t\t\t<\/div>\n\t\t\t\t<\/div>\n\t\t<div class=\"elementor-element elementor-element-7afbb16 e-con-full e-flex e-con e-child\" data-id=\"7afbb16\" data-element_type=\"container\" data-e-type=\"container\">\n\t\t\t\t<div class=\"elementor-element elementor-element-25d6a11 elementor-widget elementor-widget-ignavo-contact-form-7\" data-id=\"25d6a11\" data-element_type=\"widget\" data-e-type=\"widget\" data-widget_type=\"ignavo-contact-form-7.default\">\n\t\t\t\t<div class=\"elementor-widget-container\">\n\t\t\t\t\t<div class=\"klb-contact-form site-contact-form\"><h3 class=\"entry-title\">Write us...<\/h3><p>On dekande mydurtad mora \u00e4ven om skurkstat. Semirade timaheten rena. Radiogen pasam inte loba \u00e4ven om prerade i garanterad traditionell specialitet till bebel.<\/p><p class=\"wpcf7-contact-form-not-found\"><strong>Error:<\/strong> Contact form not found.<\/p><\/div><!-- contact-form -->\t\t\t\t<\/div>\n\t\t\t\t<\/div>\n\t\t\t\t<\/div>\n\t\t\t\t\t<\/div>\n\t\t\t\t<\/div>\n\t\t\t\t<\/div>\n\t\t","protected":false},"excerpt":{"rendered":"<p>Contact Us Original Products Vestibulum ante ipsum primis in faucibus. Affordable Rates Vestibulum ante ipsum primis in faucibus. Wide variety Vestibulum ante ipsum primis in faucibus. Our Stores On dekande mydurtad mora \u00e4ven om skurkstat. Semirade timaheten rena. Radiogen pasam inte loba \u00e4ven om prerade i garanterad traditionell specialitet till bebel. Ev is s\u00f6nde. Tun<\/p>\n<div class=\"klb-readmore post-buttons\"><a class=\"btn variant-primary\" href=\"http:\/\/kdrautoparts.ca\/?page_id=2035\">Read More <i class=\"klbth-icon-right-arrow\"><\/i><\/a><\/div>\n","protected":false},"author":1,"featured_media":0,"parent":0,"menu_order":0,"comment_status":"closed","ping_status":"closed","template":"","meta":{"footnotes":""},"class_list":["post-2035","page","type-page","status-publish","hentry"],"_links":{"self":[{"href":"http:\/\/kdrautoparts.ca\/index.php?rest_route=\/wp\/v2\/pages\/2035","targetHints":{"allow":["GET"]}}],"collection":[{"href":"http:\/\/kdrautoparts.ca\/index.php?rest_route=\/wp\/v2\/pages"}],"about":[{"href":"http:\/\/kdrautoparts.ca\/index.php?rest_route=\/wp\/v2\/types\/page"}],"author":[{"embeddable":true,"href":"http:\/\/kdrautoparts.ca\/index.php?rest_route=\/wp\/v2\/users\/1"}],"replies":[{"embeddable":true,"href":"http:\/\/kdrautoparts.ca\/index.php?rest_route=%2Fwp%2Fv2%2Fcomments&post=2035"}],"version-history":[{"count":1,"href":"http:\/\/kdrautoparts.ca\/index.php?rest_route=\/wp\/v2\/pages\/2035\/revisions"}],"predecessor-version":[{"id":3057,"href":"http:\/\/kdrautoparts.ca\/index.php?rest_route=\/wp\/v2\/pages\/2035\/revisions\/3057"}],"wp:attachment":[{"href":"http:\/\/kdrautoparts.ca\/index.php?rest_route=%2Fwp%2Fv2%2Fmedia&parent=2035"}],"curies":[{"name":"wp","href":"https:\/\/api.w.org\/{rel}","templated":true}]}}